{"id":110,"date":"2012-03-18T22:14:00","date_gmt":"2012-03-18T20:14:00","guid":{"rendered":"http:\/\/www.youandme-vs.de\/wordpress\/?page_id=110"},"modified":"2012-05-24T18:22:51","modified_gmt":"2012-05-24T16:22:51","slug":"anfahrt","status":"publish","type":"page","link":"https:\/\/www.kaspar-mode.de\/?page_id=110","title":{"rendered":"Anfahrt"},"content":{"rendered":"<address>So finden Sie uns:<\/address>\n<address>Kaspar M\u00e4nndermode und Dessousgesch\u00e4ft &#8222;drunter &amp; dr\u00fcber&#8220;<\/address>\n<address>B\u00e4renplatz 12<\/address>\n<address>78112 St. Georgen<\/address>\n<address>Tel. 07724- 7268<\/address>\n<address>\u00a0<\/address>\n","protected":false},"excerpt":{"rendered":"<p>So finden Sie uns: Kaspar M\u00e4nndermode und Dessousgesch\u00e4ft &#8222;drunter &amp; dr\u00fcber&#8220; B\u00e4renplatz 12 78112 St. Georgen Tel. 07724- 7268 \u00a0<\/p>\n","protected":false},"author":1,"featured_media":0,"parent":0,"menu_order":5,"comment_status":"closed","ping_status":"closed","template":"page-no-comments.php","meta":[],"_links":{"self":[{"href":"https:\/\/www.kaspar-mode.de\/index.php?rest_route=\/wp\/v2\/pages\/110"}],"collection":[{"href":"https:\/\/www.kaspar-mode.de\/index.php?rest_route=\/wp\/v2\/pages"}],"about":[{"href":"https:\/\/www.kaspar-mode.de\/index.php?rest_route=\/wp\/v2\/types\/page"}],"author":[{"embeddable":true,"href":"https:\/\/www.kaspar-mode.de\/index.php?rest_route=\/wp\/v2\/users\/1"}],"replies":[{"embeddable":true,"href":"https:\/\/www.kaspar-mode.de\/index.php?rest_route=%2Fwp%2Fv2%2Fcomments&post=110"}],"version-history":[{"count":2,"href":"https:\/\/www.kaspar-mode.de\/index.php?rest_route=\/wp\/v2\/pages\/110\/revisions"}],"predecessor-version":[{"id":231,"href":"https:\/\/www.kaspar-mode.de\/index.php?rest_route=\/wp\/v2\/pages\/110\/revisions\/231"}],"wp:attachment":[{"href":"https:\/\/www.kaspar-mode.de\/index.php?rest_route=%2Fwp%2Fv2%2Fmedia&parent=110"}],"curies":[{"name":"wp","href":"https:\/\/api.w.org\/{rel}","templated":true}]}}